{"id":3513,"date":"2018-06-15T06:43:06","date_gmt":"2018-06-15T06:43:06","guid":{"rendered":"https:\/\/www.vanvlietcontainers.nl\/privacyverklaring\/"},"modified":"2019-06-05T09:34:20","modified_gmt":"2019-06-05T07:34:20","slug":"privacyverklaring","status":"publish","type":"page","link":"https:\/\/www.vanvlietcontainers.nl\/fr\/privacyverklaring\/","title":{"rendered":"D\u00e9claration de confidentialit\u00e9"},"content":{"rendered":"[vc_row type=\u00a0\u00bbfull_width_background\u00a0\u00bb full_screen_row_position=\u00a0\u00bbmiddle\u00a0\u00bb bg_image=\u00a0\u00bb468&Prime; background_image_mobile_hidden=\u00a0\u00bbtrue\u00a0\u00bb bg_position=\u00a0\u00bbcenter center\u00a0\u00bb bg_repeat=\u00a0\u00bbno-repeat\u00a0\u00bb scene_position=\u00a0\u00bbcenter\u00a0\u00bb text_color=\u00a0\u00bblight\u00a0\u00bb text_align=\u00a0\u00bbleft\u00a0\u00bb top_padding=\u00a0\u00bb15%\u00a0\u00bb bottom_padding=\u00a0\u00bb5%\u00a0\u00bb enable_gradient=\u00a0\u00bbtrue\u00a0\u00bb color_overlay=\u00a0\u00bb#0c0e39&Prime; color_overlay_2=\u00a0\u00bbrgba(12,14,57,0.01)\u00a0\u00bb gradient_direction=\u00a0\u00bbleft_b_to_right_t\u00a0\u00bb overlay_strength=\u00a0\u00bb0.3&Prime; shape_divider_position=\u00a0\u00bbbottom\u00a0\u00bb shape_type=\u00a0\u00bb\u00a0\u00bb][vc_column column_padding=\u00a0\u00bbno-extra-padding\u00a0\u00bb column_padding_position=\u00a0\u00bball\u00a0\u00bb background_color_opacity=\u00a0\u00bb1&Prime; background_hover_color_opacity=\u00a0\u00bb1&Prime; column_shadow=\u00a0\u00bbnone\u00a0\u00bb column_border_radius=\u00a0\u00bbnone\u00a0\u00bb width=\u00a0\u00bb7\/12&Prime; tablet_text_alignment=\u00a0\u00bbdefault\u00a0\u00bb phone_text_alignment=\u00a0\u00bbdefault\u00a0\u00bb column_border_width=\u00a0\u00bbnone\u00a0\u00bb column_border_style=\u00a0\u00bbsolid\u00a0\u00bb][vc_column_text]\n<h1>D\u00e9claration de confidentialit\u00e9<\/h1>\n[\/vc_column_text][\/vc_column][vc_column column_padding=\u00a0\u00bbno-extra-padding\u00a0\u00bb column_padding_position=\u00a0\u00bball\u00a0\u00bb background_color_opacity=\u00a0\u00bb1&Prime; background_hover_color_opacity=\u00a0\u00bb1&Prime; column_shadow=\u00a0\u00bbnone\u00a0\u00bb column_border_radius=\u00a0\u00bbnone\u00a0\u00bb width=\u00a0\u00bb5\/12&Prime; tablet_text_alignment=\u00a0\u00bbdefault\u00a0\u00bb phone_text_alignment=\u00a0\u00bbdefault\u00a0\u00bb column_border_width=\u00a0\u00bbnone\u00a0\u00bb column_border_style=\u00a0\u00bbsolid\u00a0\u00bb][\/vc_column][\/vc_row][vc_row type=\u00a0\u00bbin_container\u00a0\u00bb full_screen_row_position=\u00a0\u00bbmiddle\u00a0\u00bb scene_position=\u00a0\u00bbcenter\u00a0\u00bb text_color=\u00a0\u00bbdark\u00a0\u00bb text_align=\u00a0\u00bbleft\u00a0\u00bb top_padding=\u00a0\u00bb4%\u00a0\u00bb bottom_padding=\u00a0\u00bb4%\u00a0\u00bb overlay_strength=\u00a0\u00bb0.3&Prime; shape_divider_position=\u00a0\u00bbbottom\u00a0\u00bb shape_type=\u00a0\u00bb\u00a0\u00bb][vc_column column_padding=\u00a0\u00bbno-extra-padding\u00a0\u00bb column_padding_position=\u00a0\u00bball\u00a0\u00bb background_color_opacity=\u00a0\u00bb1&Prime; background_hover_color_opacity=\u00a0\u00bb1&Prime; column_shadow=\u00a0\u00bbnone\u00a0\u00bb column_border_radius=\u00a0\u00bbnone\u00a0\u00bb width=\u00a0\u00bb2\/3&Prime; tablet_text_alignment=\u00a0\u00bbdefault\u00a0\u00bb phone_text_alignment=\u00a0\u00bbdefault\u00a0\u00bb column_border_width=\u00a0\u00bbnone\u00a0\u00bb column_border_style=\u00a0\u00bbsolid\u00a0\u00bb][vc_column_text]Van Vliet, sis Rietwijkeroordweg 33,1432 JE \u00e0 Aalsmeer, est responsable du traitement des donn\u00e9es personnelles, comme indiqu\u00e9 dans la pr\u00e9sente d\u00e9claration de confidentialit\u00e9.<\/p>\n<p><strong>Les donn\u00e9es personnelles que nous traitons<br \/>\n<\/strong>Van Vliet traite vos donn\u00e9es personnelles dans la mesure o\u00f9 vous utilisez nos services et\/ou vous nous les avez communiqu\u00e9es vous-m\u00eame.<\/p>\n<p>Les donn\u00e9es personnelles que nous traitons sont les suivantes :<\/p>\n<ul>\n<li>Votre nom<\/li>\n<li>Num\u00e9ro de t\u00e9l\u00e9phone<\/li>\n<li>Adresse courriel<\/li>\n<li>L&rsquo;adresse commerciale<\/li>\n<\/ul>\n<p><strong>Dans quel but et pour quel motif traitons-nous vos donn\u00e9es personnelles ?<br \/>\n<\/strong>Van Vliet traite vos donn\u00e9es personnelles aux fins suivantes :<\/p>\n<p>&#8211; Afin de pouvoir vous contacter par t\u00e9l\u00e9phone ou par courriel dans le cadre de la r\u00e9alisation de nos prestations<br \/>\n&#8211; Van Vliet analyse les comportements anonymis\u00e9s sur son site Web afin d&rsquo;am\u00e9liorer ce dernier.<\/p>\n<p>Nous avons pour int\u00e9r\u00eat l\u00e9gitime de pouvoir vous joindre apr\u00e8s que vous nous avez contact\u00e9 ou suite \u00e0 une demande d&rsquo;informations.<\/p>\n<p><strong>Pendant combien de temps conservons-nous les donn\u00e9es personnelles ?<br \/>\n<\/strong>Van Vliet ne conserve pas vos donn\u00e9es personnelles plus longtemps que cela est n\u00e9cessaire pour atteindre les objectifs pour lesquels nous les avons collect\u00e9es.<\/p>\n<p><strong>Partage des donn\u00e9es personnelles avec des tierces parties<br \/>\n<\/strong>Nous pouvons transmettre \u00e0 des tierces parties les donn\u00e9es que vous nous communiquez ou leur en permettre l&rsquo;acc\u00e8s si cela est indispensable pour atteindre les objectifs pr\u00e9c\u00e9demment mentionn\u00e9s. Bien entendu, nous convenons avec ces parties (sous-traitants) des mesures devant \u00eatre prises pour garantir la s\u00e9curit\u00e9 de vos donn\u00e9es personnelles. En outre, nous ne communiquons pas les donn\u00e9es que vous nous avez confi\u00e9es \u00e0 d&rsquo;autres parties, sauf si cela est obligatoire et autoris\u00e9 par la loi. Nous pouvons \u00e9galement partager vos donn\u00e9es personnelles avec des tierces parties si vous nous y autorisez par \u00e9crit.<\/p>\n<p><strong>Les cookies ou techniques similaires que nous utilisons<br \/>\n<\/strong>Van Vliet utilise des cookies fonctionnels et analytiques. Un cookie est un petit fichier texte qui est sauvegard\u00e9 dans le navigateur de votre ordinateur, tablette ou Smartphone lors de votre premi\u00e8re visite sur ce site Web. Van Vliet utilise des cookies ayant une fonctionnalit\u00e9 purement technique. Ils permettent d&rsquo;assurer que le site Web fonctionne comme il se doit et, par exemple, de sauvegarder vos param\u00e8tres pr\u00e9f\u00e9rentiels. Ces cookies sont donc \u00e9galement utilis\u00e9s pour assurer le bon fonctionnement de notre site Web et l&rsquo;optimaliser.<\/p>\n<p>Vous pouvez d\u00e9sactiver les cookies dans les param\u00e8tres de votre navigateur de fa\u00e7on \u00e0 ce que les cookies ne soient plus sauvegard\u00e9s. Vous pouvez \u00e9galement supprimer toutes les informations sauvegard\u00e9es auparavant en r\u00e9glant les param\u00e8tres de votre navigateur.<\/p>\n<p>Pour plus d&rsquo;informations, veuillez consulter :<br \/>\n<a href=\"https:\/\/www.consumentenbond.nl\/internet-privacy\/wat-zijn-cookies\">https:\/\/www.consumentenbond.nl\/internet-privacy\/wat-zijn-cookies<\/a><\/p>\n<p><strong>Consulter les donn\u00e9es, les modifier ou les supprimer<br \/>\n<\/strong>Vous avez le droit de consulter vos donn\u00e9es personnelles, de les corriger ou de les supprimer. Vous avez \u00e9galement le droit de retirer votre autorisation \u00e9ventuelle au traitement des donn\u00e9es ou de vous opposer au traitement de vos donn\u00e9es personnelles par Van Vliet, et vous avez aussi le droit de faire transf\u00e9rer vos donn\u00e9es. Cela signifie que vous pouvez nous soumettre une demande afin que les donn\u00e9es personnelles vous concernant et dont nous disposons dans un fichier informatique vous soient envoy\u00e9es ou soient envoy\u00e9es \u00e0 un organisme de votre choix.<\/p>\n<p>Vous pouvez envoyer une demande pour consulter, corriger, supprimer, transmettre vos donn\u00e9es personnelles, pour retirer votre autorisation ou pour faire objection au traitement de vos donn\u00e9es personnelles \u00e0 info@vanvlietcontainers.nl.<\/p>\n<p>Afin de nous assurer que vous \u00eates bien \u00e0 l&rsquo;origine de cette demande de consultation de vos donn\u00e9es, nous vous prions de bien vouloir joindre une copie de votre pi\u00e8ce d&rsquo;identit\u00e9 \u00e0 votre demande. Dans cette copie, veuillez noircir votre photo d&rsquo;identit\u00e9, la zone de lecture automatique (bande sur laquelle figure les num\u00e9ros au bas du passeport), le num\u00e9ro du passeport et le num\u00e9ro de s\u00e9curit\u00e9 sociale (si applicable), afin de prot\u00e9ger votre confidentialit\u00e9. Nous r\u00e9agirons \u00e0 votre demande le plus rapidement possible (au maximum sous quatre semaines).<\/p>\n<p>Van Vliet souhaite \u00e9galement attirer votre attention sur le fait que vous avez la possibilit\u00e9 de d\u00e9poser une r\u00e9clamation aupr\u00e8s de l&rsquo;autorit\u00e9 nationale responsable de la protection des donn\u00e9es personnelles. Aux Pays-Bas, vous pouvez le faire \u00e0 l&rsquo;adresse suivante : <a href=\"https:\/\/autoriteitpersoonsgegevens.nl\/nl\/contact-met-de-autoriteit-persoonsgegevens\/tip-ons\">https:\/\/autoriteitpersoonsgegevens.nl\/nl\/contact-met-de-autoriteit-persoonsgegevens\/tip-ons<\/a><\/p>\n<p><strong>Comment nous prot\u00e9geons vos donn\u00e9es personnelles<br \/>\n<\/strong>Van Vliet prend la protection de vos donn\u00e9es au s\u00e9rieux et prend des mesures appropri\u00e9es pour \u00e9viter abus, pertes, acc\u00e8s non autoris\u00e9, publication ind\u00e9sirable et modification ill\u00e9gitime. Si vous avez l&rsquo;impression que vos donn\u00e9es ne sont pas correctement s\u00e9curis\u00e9es ou si vous avez des raisons de croire qu&rsquo;elles font l&rsquo;objet d&rsquo;un usage abusif, veuillez nous contacter en nous envoyant un courriel \u00e0 info@vanvlietcontainers.nl<\/p>\n<p><strong>Vous pouvez joindre Van Vliet aux adresses suivantes :<br \/>\n<\/strong>Adresse postale et de visite :<br \/>\nRietwijkeroordweg 33<br \/>\n1432 JG Aalsmeer<\/p>\n<p>T\u00e9l\u00e9phone : +31 297 23 17 23<br \/>\nEmail : info@vanvlietcontainers.nl[\/vc_column_text][\/vc_column][vc_column column_padding=\u00a0\u00bbno-extra-padding\u00a0\u00bb column_padding_position=\u00a0\u00bball\u00a0\u00bb background_color_opacity=\u00a0\u00bb1&Prime; background_hover_color_opacity=\u00a0\u00bb1&Prime; column_shadow=\u00a0\u00bbnone\u00a0\u00bb column_border_radius=\u00a0\u00bbnone\u00a0\u00bb width=\u00a0\u00bb1\/3&Prime; tablet_text_alignment=\u00a0\u00bbdefault\u00a0\u00bb phone_text_alignment=\u00a0\u00bbdefault\u00a0\u00bb column_border_width=\u00a0\u00bbnone\u00a0\u00bb column_border_style=\u00a0\u00bbsolid\u00a0\u00bb][\/vc_column][\/vc_row]\n","protected":false},"excerpt":{"rendered":"<p>[vc_row type=\u00a0\u00bbfull_width_background\u00a0\u00bb full_screen_row_position=\u00a0\u00bbmiddle\u00a0\u00bb bg_image=\u00a0\u00bb468&Prime; background_image_mobile_hidden=\u00a0\u00bbtrue\u00a0\u00bb bg_position=\u00a0\u00bbcenter center\u00a0\u00bb bg_repeat=\u00a0\u00bbno-repeat\u00a0\u00bb scene_position=\u00a0\u00bbcenter\u00a0\u00bb text_color=\u00a0\u00bblight\u00a0\u00bb text_align=\u00a0\u00bbleft\u00a0\u00bb top_padding=\u00a0\u00bb15%\u00a0\u00bb bottom_padding=\u00a0\u00bb5%\u00a0\u00bb enable_gradient=\u00a0\u00bbtrue\u00a0\u00bb color_overlay=\u00a0\u00bb#0c0e39&Prime; color_overlay_2=\u00a0\u00bbrgba(12,14,57,0.01)\u00a0\u00bb gradient_direction=\u00a0\u00bbleft_b_to_right_t\u00a0\u00bb overlay_strength=\u00a0\u00bb0.3&Prime; shape_divider_position=\u00a0\u00bbbottom\u00a0\u00bb shape_type=\u00a0\u00bb\u00a0\u00bb][vc_column column_padding=\u00a0\u00bbno-extra-padding\u00a0\u00bb column_padding_position=\u00a0\u00bball\u00a0\u00bb background_color_opacity=\u00a0\u00bb1&Prime; background_hover_color_opacity=\u00a0\u00bb1&Prime; column_shadow=\u00a0\u00bbnone\u00a0\u00bb column_border_radius=\u00a0\u00bbnone\u00a0\u00bb width=\u00a0\u00bb7\/12&Prime; tablet_text_alignment=\u00a0\u00bbdefault\u00a0\u00bb phone_text_alignment=\u00a0\u00bbdefault\u00a0\u00bb column_border_width=\u00a0\u00bbnone\u00a0\u00bb&#8230;<\/p>\n","protected":false},"author":1,"featured_media":0,"parent":0,"menu_order":1,"comment_status":"closed","ping_status":"closed","template":"","meta":{"_acf_changed":false,"footnotes":""},"class_list":["post-3513","page","type-page","status-publish"],"acf":[],"_links":{"self":[{"href":"https:\/\/www.vanvlietcontainers.nl\/fr\/wp-json\/wp\/v2\/pages\/3513","targetHints":{"allow":["GET"]}}],"collection":[{"href":"https:\/\/www.vanvlietcontainers.nl\/fr\/wp-json\/wp\/v2\/pages"}],"about":[{"href":"https:\/\/www.vanvlietcontainers.nl\/fr\/wp-json\/wp\/v2\/types\/page"}],"author":[{"embeddable":true,"href":"https:\/\/www.vanvlietcontainers.nl\/fr\/wp-json\/wp\/v2\/users\/1"}],"replies":[{"embeddable":true,"href":"https:\/\/www.vanvlietcontainers.nl\/fr\/wp-json\/wp\/v2\/comments?post=3513"}],"version-history":[{"count":4,"href":"https:\/\/www.vanvlietcontainers.nl\/fr\/wp-json\/wp\/v2\/pages\/3513\/revisions"}],"predecessor-version":[{"id":3908,"href":"https:\/\/www.vanvlietcontainers.nl\/fr\/wp-json\/wp\/v2\/pages\/3513\/revisions\/3908"}],"wp:attachment":[{"href":"https:\/\/www.vanvlietcontainers.nl\/fr\/wp-json\/wp\/v2\/media?parent=3513"}],"curies":[{"name":"wp","href":"https:\/\/api.w.org\/{rel}","templated":true}]}}