{"id":3448,"date":"2018-05-18T09:38:39","date_gmt":"2018-05-18T09:38:39","guid":{"rendered":"https:\/\/www.vanvlietcontainers.nl\/horti\/cases\/"},"modified":"2019-01-22T14:12:18","modified_gmt":"2019-01-22T14:12:18","slug":"cases","status":"publish","type":"page","link":"https:\/\/www.vanvlietcontainers.nl\/fr\/horticulture\/cases\/","title":{"rendered":"Cases"},"content":{"rendered":"[vc_row type=\u00a0\u00bbfull_width_background\u00a0\u00bb full_screen_row_position=\u00a0\u00bbmiddle\u00a0\u00bb bg_color=\u00a0\u00bb#eef0f5&Prime; scene_position=\u00a0\u00bbcenter\u00a0\u00bb text_color=\u00a0\u00bbdark\u00a0\u00bb text_align=\u00a0\u00bbleft\u00a0\u00bb overlay_strength=\u00a0\u00bb0.3&Prime; shape_divider_position=\u00a0\u00bbbottom\u00a0\u00bb shape_type=\u00a0\u00bb\u00a0\u00bb][vc_column column_padding=\u00a0\u00bbno-extra-padding\u00a0\u00bb column_padding_position=\u00a0\u00bball\u00a0\u00bb background_color_opacity=\u00a0\u00bb1&Prime; background_hover_color_opacity=\u00a0\u00bb1&Prime; column_shadow=\u00a0\u00bbnone\u00a0\u00bb column_border_radius=\u00a0\u00bbnone\u00a0\u00bb width=\u00a0\u00bb1\/1&Prime; tablet_text_alignment=\u00a0\u00bbdefault\u00a0\u00bb phone_text_alignment=\u00a0\u00bbdefault\u00a0\u00bb column_border_width=\u00a0\u00bbnone\u00a0\u00bb column_border_style=\u00a0\u00bbsolid\u00a0\u00bb]<ul class='breadcrumbs'><li class='item '><a href='https:\/\/www.vanvlietcontainers.nl\/fr\/'>Home<\/a><\/li><li class='item separator'>&gt;<\/li><li class='item '><a href='https:\/\/www.vanvlietcontainers.nl\/fr\/horticulture\/'>Horticulture<\/a><\/li><li class='item separator'>&gt;<\/li><li class='item '><span>Cases<\/span><\/li><\/ul>[\/vc_column][\/vc_row][vc_row type=\u00a0\u00bbfull_width_background\u00a0\u00bb full_screen_row_position=\u00a0\u00bbmiddle\u00a0\u00bb scene_position=\u00a0\u00bbcenter\u00a0\u00bb text_color=\u00a0\u00bbdark\u00a0\u00bb text_align=\u00a0\u00bbleft\u00a0\u00bb top_padding=\u00a0\u00bb30&Prime; bottom_padding=\u00a0\u00bb30&Prime; enable_gradient=\u00a0\u00bbtrue\u00a0\u00bb color_overlay=\u00a0\u00bb#eef0f5&Prime; color_overlay_2=\u00a0\u00bb#ffffff\u00a0\u00bb gradient_direction=\u00a0\u00bbtop_to_bottom\u00a0\u00bb overlay_strength=\u00a0\u00bb1&Prime; shape_divider_position=\u00a0\u00bbbottom\u00a0\u00bb shape_type=\u00a0\u00bb\u00a0\u00bb][vc_column column_padding=\u00a0\u00bbno-extra-padding\u00a0\u00bb column_padding_position=\u00a0\u00bball\u00a0\u00bb background_color_opacity=\u00a0\u00bb1&Prime; background_hover_color_opacity=\u00a0\u00bb1&Prime; column_shadow=\u00a0\u00bbnone\u00a0\u00bb column_border_radius=\u00a0\u00bbnone\u00a0\u00bb width=\u00a0\u00bb1\/1&Prime; tablet_text_alignment=\u00a0\u00bbdefault\u00a0\u00bb phone_text_alignment=\u00a0\u00bbdefault\u00a0\u00bb column_border_width=\u00a0\u00bbnone\u00a0\u00bb column_border_style=\u00a0\u00bbsolid\u00a0\u00bb]\n  <div class=\"case-wrap\">\n\n    <div class=\"case case-large\">\n      <div class=\"case-image\">\n        <img loading=\"lazy\" decoding=\"async\" width=\"1024\" height=\"1024\" src=\"https:\/\/www.vanvlietcontainers.nl\/wp-content\/uploads\/2018\/05\/Maestro_container_7325-1-1024x1024.jpg\" class=\"attachment-large size-large wp-post-image\" alt=\"\" srcset=\"https:\/\/www.vanvlietcontainers.nl\/wp-content\/uploads\/2018\/05\/Maestro_container_7325-1-1024x1024.jpg 1024w, https:\/\/www.vanvlietcontainers.nl\/wp-content\/uploads\/2018\/05\/Maestro_container_7325-1-150x150.jpg 150w, https:\/\/www.vanvlietcontainers.nl\/wp-content\/uploads\/2018\/05\/Maestro_container_7325-1-300x300.jpg 300w, https:\/\/www.vanvlietcontainers.nl\/wp-content\/uploads\/2018\/05\/Maestro_container_7325-1-768x768.jpg 768w, https:\/\/www.vanvlietcontainers.nl\/wp-content\/uploads\/2018\/05\/Maestro_container_7325-1-100x100.jpg 100w, https:\/\/www.vanvlietcontainers.nl\/wp-content\/uploads\/2018\/05\/Maestro_container_7325-1-140x140.jpg 140w, https:\/\/www.vanvlietcontainers.nl\/wp-content\/uploads\/2018\/05\/Maestro_container_7325-1-500x500.jpg 500w, https:\/\/www.vanvlietcontainers.nl\/wp-content\/uploads\/2018\/05\/Maestro_container_7325-1-350x350.jpg 350w, https:\/\/www.vanvlietcontainers.nl\/wp-content\/uploads\/2018\/05\/Maestro_container_7325-1-1000x1000.jpg 1000w, https:\/\/www.vanvlietcontainers.nl\/wp-content\/uploads\/2018\/05\/Maestro_container_7325-1-800x800.jpg 800w, https:\/\/www.vanvlietcontainers.nl\/wp-content\/uploads\/2018\/05\/Maestro_container_7325-1.jpg 1200w\" sizes=\"auto, (max-width: 1024px) 100vw, 1024px\" \/>      <\/div>\n      <div class=\"case-content\">\n        <h2>Efficiency voor siertelers dankzij demontabele dragers<\/h2>\n        <p>Het ei van Columbus voor siertelers heet Maestro. Ruimte- en kostenbesparing.<\/p>\n\n        <a\n          href=\"https:\/\/www.vanvlietcontainers.nl\/cases\/efficiency-voor-siertelers-dankzij-demontabele-dragers\/\"\n          class=\"nectar-button medium see-through-2\"\n          data-color-override=\"#63b22b\">\n          Voir le cas        <\/a>\n      <\/div>\n    <\/div>\n\n  <\/div>\n\n[\/vc_column][\/vc_row][vc_row type=\u00a0\u00bbin_container\u00a0\u00bb full_screen_row_position=\u00a0\u00bbmiddle\u00a0\u00bb scene_position=\u00a0\u00bbcenter\u00a0\u00bb text_color=\u00a0\u00bbdark\u00a0\u00bb text_align=\u00a0\u00bbleft\u00a0\u00bb top_padding=\u00a0\u00bb45&Prime; overlay_strength=\u00a0\u00bb0.3&Prime; shape_divider_position=\u00a0\u00bbbottom\u00a0\u00bb shape_type=\u00a0\u00bb\u00a0\u00bb][vc_column column_padding=\u00a0\u00bbno-extra-padding\u00a0\u00bb column_padding_position=\u00a0\u00bball\u00a0\u00bb background_color_opacity=\u00a0\u00bb1&Prime; background_hover_color_opacity=\u00a0\u00bb1&Prime; column_shadow=\u00a0\u00bbnone\u00a0\u00bb column_border_radius=\u00a0\u00bbnone\u00a0\u00bb width=\u00a0\u00bb1\/1&Prime; tablet_text_alignment=\u00a0\u00bbdefault\u00a0\u00bb phone_text_alignment=\u00a0\u00bbdefault\u00a0\u00bb column_border_width=\u00a0\u00bbnone\u00a0\u00bb column_border_style=\u00a0\u00bbsolid\u00a0\u00bb]\n\n  <div class=\"cases\">\n\n          <div class=\"item case\">\n      <a class=\"case-image\" href=\"https:\/\/www.vanvlietcontainers.nl\/fr\/cases\/efficacite-pour-les-horticulteurs-grace-aux-chariots-demontables\/\">\n      <img loading=\"lazy\" decoding=\"async\" width=\"1024\" height=\"600\" src=\"https:\/\/www.vanvlietcontainers.nl\/wp-content\/uploads\/2018\/05\/Maestro_container_7325-1-1024x600.jpg\" class=\"attachment-case-thumb size-case-thumb wp-post-image\" alt=\"\" \/>    <\/a>\n  \n  <a href=\"https:\/\/www.vanvlietcontainers.nl\/fr\/cases\/efficacite-pour-les-horticulteurs-grace-aux-chariots-demontables\/\">\n    <h3 class=\"case-title\">Efficacit\u00e9 pour les horticulteurs gr\u00e2ce aux chariots d\u00e9montables<\/h3>\n  <\/a>\n\n  <div class=\"item-content\">\n    <a\n      href=\"https:\/\/www.vanvlietcontainers.nl\/fr\/cases\/efficacite-pour-les-horticulteurs-grace-aux-chariots-demontables\/\"\n      class=\"nectar-button medium see-through-2\"\n      data-color-override=\"false\">\n      Voir le cas    <\/a>\n  <\/div>\n<\/div>          <div class=\"item case\">\n      <a class=\"case-image\" href=\"https:\/\/www.vanvlietcontainers.nl\/fr\/cases\/prestations-de-services-pour-les-sous-traitants-de-petite-moyenne-taille\/\">\n      <img loading=\"lazy\" decoding=\"async\" width=\"1024\" height=\"600\" src=\"https:\/\/www.vanvlietcontainers.nl\/wp-content\/uploads\/2018\/05\/van-vliet-warehouse-1024x600.jpg\" class=\"attachment-case-thumb size-case-thumb wp-post-image\" alt=\"\" \/>    <\/a>\n  \n  <a href=\"https:\/\/www.vanvlietcontainers.nl\/fr\/cases\/prestations-de-services-pour-les-sous-traitants-de-petite-moyenne-taille\/\">\n    <h3 class=\"case-title\">Prestations de services pour les sous-traitants de petite\/moyenne taille<\/h3>\n  <\/a>\n\n  <div class=\"item-content\">\n    <a\n      href=\"https:\/\/www.vanvlietcontainers.nl\/fr\/cases\/prestations-de-services-pour-les-sous-traitants-de-petite-moyenne-taille\/\"\n      class=\"nectar-button medium see-through-2\"\n      data-color-override=\"false\">\n      Voir le cas    <\/a>\n  <\/div>\n<\/div>      \n  <\/div>\n\n[\/vc_column][\/vc_row]\n","protected":false},"excerpt":{"rendered":"<p>[vc_row type=\u00a0\u00bbfull_width_background\u00a0\u00bb full_screen_row_position=\u00a0\u00bbmiddle\u00a0\u00bb bg_color=\u00a0\u00bb#eef0f5&Prime; scene_position=\u00a0\u00bbcenter\u00a0\u00bb text_color=\u00a0\u00bbdark\u00a0\u00bb text_align=\u00a0\u00bbleft\u00a0\u00bb overlay_strength=\u00a0\u00bb0.3&Prime; shape_divider_position=\u00a0\u00bbbottom\u00a0\u00bb shape_type=\u00a0\u00bb\u00a0\u00bb][vc_column column_padding=\u00a0\u00bbno-extra-padding\u00a0\u00bb column_padding_position=\u00a0\u00bball\u00a0\u00bb background_color_opacity=\u00a0\u00bb1&Prime; background_hover_color_opacity=\u00a0\u00bb1&Prime; column_shadow=\u00a0\u00bbnone\u00a0\u00bb column_border_radius=\u00a0\u00bbnone\u00a0\u00bb width=\u00a0\u00bb1\/1&Prime; tablet_text_alignment=\u00a0\u00bbdefault\u00a0\u00bb phone_text_alignment=\u00a0\u00bbdefault\u00a0\u00bb column_border_width=\u00a0\u00bbnone\u00a0\u00bb column_border_style=\u00a0\u00bbsolid\u00a0\u00bb][\/vc_column][\/vc_row][vc_row type=\u00a0\u00bbfull_width_background\u00a0\u00bb full_screen_row_position=\u00a0\u00bbmiddle\u00a0\u00bb scene_position=\u00a0\u00bbcenter\u00a0\u00bb text_color=\u00a0\u00bbdark\u00a0\u00bb text_align=\u00a0\u00bbleft\u00a0\u00bb top_padding=\u00a0\u00bb30&Prime; bottom_padding=\u00a0\u00bb30&Prime; enable_gradient=\u00a0\u00bbtrue\u00a0\u00bb color_overlay=\u00a0\u00bb#eef0f5&Prime;&#8230;<\/p>\n","protected":false},"author":1,"featured_media":0,"parent":3321,"menu_order":9,"comment_status":"closed","ping_status":"closed","template":"","meta":{"_acf_changed":false,"footnotes":""},"class_list":["post-3448","page","type-page","status-publish"],"acf":[],"_links":{"self":[{"href":"https:\/\/www.vanvlietcontainers.nl\/fr\/wp-json\/wp\/v2\/pages\/3448","targetHints":{"allow":["GET"]}}],"collection":[{"href":"https:\/\/www.vanvlietcontainers.nl\/fr\/wp-json\/wp\/v2\/pages"}],"about":[{"href":"https:\/\/www.vanvlietcontainers.nl\/fr\/wp-json\/wp\/v2\/types\/page"}],"author":[{"embeddable":true,"href":"https:\/\/www.vanvlietcontainers.nl\/fr\/wp-json\/wp\/v2\/users\/1"}],"replies":[{"embeddable":true,"href":"https:\/\/www.vanvlietcontainers.nl\/fr\/wp-json\/wp\/v2\/comments?post=3448"}],"version-history":[{"count":1,"href":"https:\/\/www.vanvlietcontainers.nl\/fr\/wp-json\/wp\/v2\/pages\/3448\/revisions"}],"predecessor-version":[{"id":3449,"href":"https:\/\/www.vanvlietcontainers.nl\/fr\/wp-json\/wp\/v2\/pages\/3448\/revisions\/3449"}],"up":[{"embeddable":true,"href":"https:\/\/www.vanvlietcontainers.nl\/fr\/wp-json\/wp\/v2\/pages\/3321"}],"wp:attachment":[{"href":"https:\/\/www.vanvlietcontainers.nl\/fr\/wp-json\/wp\/v2\/media?parent=3448"}],"curies":[{"name":"wp","href":"https:\/\/api.w.org\/{rel}","templated":true}]}}