{"id":3426,"date":"2018-05-18T07:29:09","date_gmt":"2018-05-18T07:29:09","guid":{"rendered":"https:\/\/www.vanvlietcontainers.nl\/ervaring\/"},"modified":"2019-01-24T10:38:39","modified_gmt":"2019-01-24T10:38:39","slug":"experience","status":"publish","type":"page","link":"https:\/\/www.vanvlietcontainers.nl\/fr\/experience\/","title":{"rendered":"Exp\u00e9rience"},"content":{"rendered":"[vc_row type=\u00a0\u00bbfull_width_background\u00a0\u00bb full_screen_row_position=\u00a0\u00bbmiddle\u00a0\u00bb bg_color=\u00a0\u00bb#eef0f5&Prime; scene_position=\u00a0\u00bbcenter\u00a0\u00bb text_color=\u00a0\u00bbdark\u00a0\u00bb text_align=\u00a0\u00bbleft\u00a0\u00bb overlay_strength=\u00a0\u00bb0.3&Prime; shape_divider_position=\u00a0\u00bbbottom\u00a0\u00bb shape_type=\u00a0\u00bb\u00a0\u00bb][vc_column column_padding=\u00a0\u00bbno-extra-padding\u00a0\u00bb column_padding_position=\u00a0\u00bball\u00a0\u00bb background_color_opacity=\u00a0\u00bb1&Prime; background_hover_color_opacity=\u00a0\u00bb1&Prime; column_shadow=\u00a0\u00bbnone\u00a0\u00bb column_border_radius=\u00a0\u00bbnone\u00a0\u00bb width=\u00a0\u00bb1\/1&Prime; tablet_text_alignment=\u00a0\u00bbdefault\u00a0\u00bb phone_text_alignment=\u00a0\u00bbdefault\u00a0\u00bb column_border_width=\u00a0\u00bbnone\u00a0\u00bb column_border_style=\u00a0\u00bbsolid\u00a0\u00bb]<ul class='breadcrumbs'><li class='item '><a href='https:\/\/www.vanvlietcontainers.nl\/fr\/'>Home<\/a><\/li><li class='item separator'>&gt;<\/li><li class='item '><span>Exp\u00e9rience<\/span><\/li><\/ul>[\/vc_column][\/vc_row][vc_row type=\u00a0\u00bbfull_width_background\u00a0\u00bb full_screen_row_position=\u00a0\u00bbmiddle\u00a0\u00bb scene_position=\u00a0\u00bbcenter\u00a0\u00bb text_color=\u00a0\u00bbdark\u00a0\u00bb text_align=\u00a0\u00bbleft\u00a0\u00bb top_padding=\u00a0\u00bb30&Prime; bottom_padding=\u00a0\u00bb30&Prime; enable_gradient=\u00a0\u00bbtrue\u00a0\u00bb color_overlay=\u00a0\u00bb#eef0f5&Prime; color_overlay_2=\u00a0\u00bb#ffffff\u00a0\u00bb gradient_direction=\u00a0\u00bbtop_to_bottom\u00a0\u00bb overlay_strength=\u00a0\u00bb1&Prime; shape_divider_position=\u00a0\u00bbbottom\u00a0\u00bb shape_type=\u00a0\u00bb\u00a0\u00bb][vc_column column_padding=\u00a0\u00bbno-extra-padding\u00a0\u00bb column_padding_position=\u00a0\u00bball\u00a0\u00bb background_color_opacity=\u00a0\u00bb1&Prime; background_hover_color_opacity=\u00a0\u00bb1&Prime; column_shadow=\u00a0\u00bbnone\u00a0\u00bb column_border_radius=\u00a0\u00bbnone\u00a0\u00bb width=\u00a0\u00bb1\/1&Prime; tablet_text_alignment=\u00a0\u00bbdefault\u00a0\u00bb phone_text_alignment=\u00a0\u00bbdefault\u00a0\u00bb column_border_width=\u00a0\u00bbnone\u00a0\u00bb column_border_style=\u00a0\u00bbsolid\u00a0\u00bb]\n  <div class=\"case-wrap\">\n\n    <div class=\"case case-large\">\n      <div class=\"case-image\">\n        <img loading=\"lazy\" decoding=\"async\" width=\"1024\" height=\"640\" src=\"https:\/\/www.vanvlietcontainers.nl\/wp-content\/uploads\/2018\/05\/bg-ingang-retail-2-1024x640.jpg\" class=\"attachment-large size-large wp-post-image\" alt=\"\" srcset=\"https:\/\/www.vanvlietcontainers.nl\/wp-content\/uploads\/2018\/05\/bg-ingang-retail-2-1024x640.jpg 1024w, https:\/\/www.vanvlietcontainers.nl\/wp-content\/uploads\/2018\/05\/bg-ingang-retail-2-300x188.jpg 300w, https:\/\/www.vanvlietcontainers.nl\/wp-content\/uploads\/2018\/05\/bg-ingang-retail-2-768x480.jpg 768w, https:\/\/www.vanvlietcontainers.nl\/wp-content\/uploads\/2018\/05\/bg-ingang-retail-2.jpg 1440w\" sizes=\"auto, (max-width: 1024px) 100vw, 1024px\" \/>      <\/div>\n      <div class=\"case-content\">\n        <h2>Concept de service complet pour les exportateurs\/entreprises de vente en gros \u00e0 croissance rapide, menu<\/h2>\n        <p>[vc_row type=\u00a0\u00bbfull_width_background\u00a0\u00bb full_screen_row_position=\u00a0\u00bbmiddle\u00a0\u00bb bg_color=\u00a0\u00bb#eef0f5&Prime; scene_position=\u00a0\u00bbcenter\u00a0\u00bb text_color=\u00a0\u00bbdark\u00a0\u00bb text_align=\u00a0\u00bbleft\u00a0\u00bb overlay_strength=\u00a0\u00bb0.3&Prime; shape_divider_position=\u00a0\u00bbbottom\u00a0\u00bb shape_type=\u00a0\u00bb\u00a0\u00bb][vc_column column_padding=\u00a0\u00bbno-extra-padding\u00a0\u00bb column_padding_position=\u00a0\u00bball\u00a0\u00bb background_color_opacity=\u00a0\u00bb1&Prime; background_hover_color_opacity=\u00a0\u00bb1&Prime; column_shadow=\u00a0\u00bbnone\u00a0\u00bb column_border_radius=\u00a0\u00bbnone\u00a0\u00bb width=\u00a0\u00bb1\/1&Prime; tablet_text_alignment=\u00a0\u00bbdefault\u00a0\u00bb phone_text_alignment=\u00a0\u00bbdefault\u00a0\u00bb column_border_width=\u00a0\u00bbnone\u00a0\u00bb column_border_style=\u00a0\u00bbsolid\u00a0\u00bb][\/vc_column][\/vc_row][vc_row type=\u00a0\u00bbfull_width_background\u00a0\u00bb full_screen_row_position=\u00a0\u00bbmiddle\u00a0\u00bb scene_position=\u00a0\u00bbcenter\u00a0\u00bb text_color=\u00a0\u00bbdark\u00a0\u00bb text_align=\u00a0\u00bbcenter\u00a0\u00bb top_padding=\u00a0\u00bb45&Prime; bottom_padding=\u00a0\u00bb45&Prime; enable_gradient=\u00a0\u00bbtrue\u00a0\u00bb color_overlay=\u00a0\u00bb#eef0f5&Prime;...<\/p>\n\n        <a\n          href=\"https:\/\/www.vanvlietcontainers.nl\/fr\/cases\/concept-de-service-complet-pour-les-exportateurs-entreprises-de-vente-en-gros-a-croissance-rapide-menu\/\"\n          class=\"nectar-button medium see-through-2\"\n          data-color-override=\"#ffde00\">\n          Voir le cas        <\/a>\n      <\/div>\n    <\/div>\n\n  <\/div>\n\n[\/vc_column][\/vc_row][vc_row type=\u00a0\u00bbin_container\u00a0\u00bb full_screen_row_position=\u00a0\u00bbmiddle\u00a0\u00bb scene_position=\u00a0\u00bbcenter\u00a0\u00bb text_color=\u00a0\u00bbdark\u00a0\u00bb text_align=\u00a0\u00bbleft\u00a0\u00bb overlay_strength=\u00a0\u00bb0.3&Prime; shape_divider_position=\u00a0\u00bbbottom\u00a0\u00bb][vc_column column_padding=\u00a0\u00bbno-extra-padding\u00a0\u00bb column_padding_position=\u00a0\u00bball\u00a0\u00bb background_color_opacity=\u00a0\u00bb1&Prime; background_hover_color_opacity=\u00a0\u00bb1&Prime; column_shadow=\u00a0\u00bbnone\u00a0\u00bb column_border_radius=\u00a0\u00bbnone\u00a0\u00bb width=\u00a0\u00bb1\/1&Prime; tablet_text_alignment=\u00a0\u00bbdefault\u00a0\u00bb phone_text_alignment=\u00a0\u00bbdefault\u00a0\u00bb column_border_width=\u00a0\u00bbnone\u00a0\u00bb column_border_style=\u00a0\u00bbsolid\u00a0\u00bb]\n\n  <div class=\"cases\">\n\n          <div class=\"item case\">\n      <a class=\"case-image\" href=\"https:\/\/www.vanvlietcontainers.nl\/fr\/cases\/concept-de-service-complet-pour-les-exportateurs-entreprises-de-vente-en-gros-a-croissance-rapide-menu\/\">\n      <img loading=\"lazy\" decoding=\"async\" width=\"1024\" height=\"600\" src=\"https:\/\/www.vanvlietcontainers.nl\/wp-content\/uploads\/2018\/05\/bg-ingang-retail-2-1024x600.jpg\" class=\"attachment-case-thumb size-case-thumb wp-post-image\" alt=\"\" \/>    <\/a>\n  \n  <a href=\"https:\/\/www.vanvlietcontainers.nl\/fr\/cases\/concept-de-service-complet-pour-les-exportateurs-entreprises-de-vente-en-gros-a-croissance-rapide-menu\/\">\n    <h3 class=\"case-title\">Concept de service complet pour les exportateurs\/entreprises de vente en gros \u00e0 croissance rapide, menu<\/h3>\n  <\/a>\n\n  <div class=\"item-content\">\n    <a\n      href=\"https:\/\/www.vanvlietcontainers.nl\/fr\/cases\/concept-de-service-complet-pour-les-exportateurs-entreprises-de-vente-en-gros-a-croissance-rapide-menu\/\"\n      class=\"nectar-button medium see-through-2\"\n      data-color-override=\"false\">\n      Voir le cas    <\/a>\n  <\/div>\n<\/div>          <div class=\"item case\">\n      <a class=\"case-image\" href=\"https:\/\/www.vanvlietcontainers.nl\/fr\/cases\/securite-du-travail-respect-des-normes-et-exigences-systeme-cliquable\/\">\n      <img loading=\"lazy\" decoding=\"async\" width=\"1024\" height=\"600\" src=\"https:\/\/www.vanvlietcontainers.nl\/wp-content\/uploads\/2018\/06\/Stapel-stuk-1024x600.jpg\" class=\"attachment-case-thumb size-case-thumb wp-post-image\" alt=\"\" \/>    <\/a>\n  \n  <a href=\"https:\/\/www.vanvlietcontainers.nl\/fr\/cases\/securite-du-travail-respect-des-normes-et-exigences-systeme-cliquable\/\">\n    <h3 class=\"case-title\">S\u00e9curit\u00e9 du travail ; respect des normes et exigences ; syst\u00e8me cliquable<\/h3>\n  <\/a>\n\n  <div class=\"item-content\">\n    <a\n      href=\"https:\/\/www.vanvlietcontainers.nl\/fr\/cases\/securite-du-travail-respect-des-normes-et-exigences-systeme-cliquable\/\"\n      class=\"nectar-button medium see-through-2\"\n      data-color-override=\"false\">\n      Voir le cas    <\/a>\n  <\/div>\n<\/div>          <div class=\"item case\">\n      <a class=\"case-image\" href=\"https:\/\/www.vanvlietcontainers.nl\/fr\/cases\/efficacite-pour-les-horticulteurs-grace-aux-chariots-demontables\/\">\n      <img loading=\"lazy\" decoding=\"async\" width=\"1024\" height=\"600\" src=\"https:\/\/www.vanvlietcontainers.nl\/wp-content\/uploads\/2018\/05\/Maestro_container_7325-1-1024x600.jpg\" class=\"attachment-case-thumb size-case-thumb wp-post-image\" alt=\"\" \/>    <\/a>\n  \n  <a href=\"https:\/\/www.vanvlietcontainers.nl\/fr\/cases\/efficacite-pour-les-horticulteurs-grace-aux-chariots-demontables\/\">\n    <h3 class=\"case-title\">Efficacit\u00e9 pour les horticulteurs gr\u00e2ce aux chariots d\u00e9montables<\/h3>\n  <\/a>\n\n  <div class=\"item-content\">\n    <a\n      href=\"https:\/\/www.vanvlietcontainers.nl\/fr\/cases\/efficacite-pour-les-horticulteurs-grace-aux-chariots-demontables\/\"\n      class=\"nectar-button medium see-through-2\"\n      data-color-override=\"false\">\n      Voir le cas    <\/a>\n  <\/div>\n<\/div>          <div class=\"item case\">\n      <a class=\"case-image\" href=\"https:\/\/www.vanvlietcontainers.nl\/fr\/cases\/presentation-uniforme-et-hygiene-pour-le-discounteur\/\">\n      <img loading=\"lazy\" decoding=\"async\" width=\"1024\" height=\"600\" src=\"https:\/\/www.vanvlietcontainers.nl\/wp-content\/uploads\/2018\/05\/van-vliet-trolley-stock-1024x600.jpg\" class=\"attachment-case-thumb size-case-thumb wp-post-image\" alt=\"\" \/>    <\/a>\n  \n  <a href=\"https:\/\/www.vanvlietcontainers.nl\/fr\/cases\/presentation-uniforme-et-hygiene-pour-le-discounteur\/\">\n    <h3 class=\"case-title\">Pr\u00e9sentation uniforme et hygi\u00e8ne pour le discounteur<\/h3>\n  <\/a>\n\n  <div class=\"item-content\">\n    <a\n      href=\"https:\/\/www.vanvlietcontainers.nl\/fr\/cases\/presentation-uniforme-et-hygiene-pour-le-discounteur\/\"\n      class=\"nectar-button medium see-through-2\"\n      data-color-override=\"false\">\n      Voir le cas    <\/a>\n  <\/div>\n<\/div>          <div class=\"item case\">\n      <a class=\"case-image\" href=\"https:\/\/www.vanvlietcontainers.nl\/fr\/cases\/favoriser-le-commerce-grace-a-des-solutions-innovantes\/\">\n      <img loading=\"lazy\" decoding=\"async\" width=\"1024\" height=\"600\" src=\"https:\/\/www.vanvlietcontainers.nl\/wp-content\/uploads\/2018\/05\/van-vliet-wheels-e1525872577331-1024x600.jpg\" class=\"attachment-case-thumb size-case-thumb wp-post-image\" alt=\"\" \/>    <\/a>\n  \n  <a href=\"https:\/\/www.vanvlietcontainers.nl\/fr\/cases\/favoriser-le-commerce-grace-a-des-solutions-innovantes\/\">\n    <h3 class=\"case-title\">Favoriser l&rsquo;e-commerce gr\u00e2ce \u00e0 des solutions innovantes<\/h3>\n  <\/a>\n\n  <div class=\"item-content\">\n    <a\n      href=\"https:\/\/www.vanvlietcontainers.nl\/fr\/cases\/favoriser-le-commerce-grace-a-des-solutions-innovantes\/\"\n      class=\"nectar-button medium see-through-2\"\n      data-color-override=\"false\">\n      Voir le cas    <\/a>\n  <\/div>\n<\/div>          <div class=\"item case\">\n      <a class=\"case-image\" href=\"https:\/\/www.vanvlietcontainers.nl\/fr\/cases\/prestations-de-services-pour-les-sous-traitants-de-petite-moyenne-taille\/\">\n      <img loading=\"lazy\" decoding=\"async\" width=\"1024\" height=\"600\" src=\"https:\/\/www.vanvlietcontainers.nl\/wp-content\/uploads\/2018\/05\/van-vliet-warehouse-1024x600.jpg\" class=\"attachment-case-thumb size-case-thumb wp-post-image\" alt=\"\" \/>    <\/a>\n  \n  <a href=\"https:\/\/www.vanvlietcontainers.nl\/fr\/cases\/prestations-de-services-pour-les-sous-traitants-de-petite-moyenne-taille\/\">\n    <h3 class=\"case-title\">Prestations de services pour les sous-traitants de petite\/moyenne taille<\/h3>\n  <\/a>\n\n  <div class=\"item-content\">\n    <a\n      href=\"https:\/\/www.vanvlietcontainers.nl\/fr\/cases\/prestations-de-services-pour-les-sous-traitants-de-petite-moyenne-taille\/\"\n      class=\"nectar-button medium see-through-2\"\n      data-color-override=\"false\">\n      Voir le cas    <\/a>\n  <\/div>\n<\/div>          <div class=\"item case\">\n      <a class=\"case-image\" href=\"https:\/\/www.vanvlietcontainers.nl\/fr\/cases\/toeleverancier-bloemen-en-planten-voor-internationale-retailketen\/\">\n      <img loading=\"lazy\" decoding=\"async\" width=\"1024\" height=\"600\" src=\"https:\/\/www.vanvlietcontainers.nl\/wp-content\/uploads\/2018\/05\/bg-hero-horti-1024x600.jpg\" class=\"attachment-case-thumb size-case-thumb wp-post-image\" alt=\"\" \/>    <\/a>\n  \n  <a href=\"https:\/\/www.vanvlietcontainers.nl\/fr\/cases\/toeleverancier-bloemen-en-planten-voor-internationale-retailketen\/\">\n    <h3 class=\"case-title\">Sous-traitant en fleurs et plantes pour les enseignes internationales de vente de d\u00e9tail<\/h3>\n  <\/a>\n\n  <div class=\"item-content\">\n    <a\n      href=\"https:\/\/www.vanvlietcontainers.nl\/fr\/cases\/toeleverancier-bloemen-en-planten-voor-internationale-retailketen\/\"\n      class=\"nectar-button medium see-through-2\"\n      data-color-override=\"false\">\n      Voir le cas    <\/a>\n  <\/div>\n<\/div>      \n  <\/div>\n\n[\/vc_column][\/vc_row]\n","protected":false},"excerpt":{"rendered":"<p>[vc_row type=\u00a0\u00bbfull_width_background\u00a0\u00bb full_screen_row_position=\u00a0\u00bbmiddle\u00a0\u00bb bg_color=\u00a0\u00bb#eef0f5&Prime; scene_position=\u00a0\u00bbcenter\u00a0\u00bb text_color=\u00a0\u00bbdark\u00a0\u00bb text_align=\u00a0\u00bbleft\u00a0\u00bb overlay_strength=\u00a0\u00bb0.3&Prime; shape_divider_position=\u00a0\u00bbbottom\u00a0\u00bb shape_type=\u00a0\u00bb\u00a0\u00bb][vc_column column_padding=\u00a0\u00bbno-extra-padding\u00a0\u00bb column_padding_position=\u00a0\u00bball\u00a0\u00bb background_color_opacity=\u00a0\u00bb1&Prime; background_hover_color_opacity=\u00a0\u00bb1&Prime; column_shadow=\u00a0\u00bbnone\u00a0\u00bb column_border_radius=\u00a0\u00bbnone\u00a0\u00bb width=\u00a0\u00bb1\/1&Prime; tablet_text_alignment=\u00a0\u00bbdefault\u00a0\u00bb phone_text_alignment=\u00a0\u00bbdefault\u00a0\u00bb column_border_width=\u00a0\u00bbnone\u00a0\u00bb column_border_style=\u00a0\u00bbsolid\u00a0\u00bb][\/vc_column][\/vc_row][vc_row type=\u00a0\u00bbfull_width_background\u00a0\u00bb full_screen_row_position=\u00a0\u00bbmiddle\u00a0\u00bb scene_position=\u00a0\u00bbcenter\u00a0\u00bb text_color=\u00a0\u00bbdark\u00a0\u00bb text_align=\u00a0\u00bbleft\u00a0\u00bb top_padding=\u00a0\u00bb30&Prime; bottom_padding=\u00a0\u00bb30&Prime; enable_gradient=\u00a0\u00bbtrue\u00a0\u00bb color_overlay=\u00a0\u00bb#eef0f5&Prime;&#8230;<\/p>\n","protected":false},"author":1,"featured_media":0,"parent":0,"menu_order":40,"comment_status":"closed","ping_status":"closed","template":"","meta":{"_acf_changed":false,"footnotes":""},"class_list":["post-3426","page","type-page","status-publish"],"acf":[],"_links":{"self":[{"href":"https:\/\/www.vanvlietcontainers.nl\/fr\/wp-json\/wp\/v2\/pages\/3426","targetHints":{"allow":["GET"]}}],"collection":[{"href":"https:\/\/www.vanvlietcontainers.nl\/fr\/wp-json\/wp\/v2\/pages"}],"about":[{"href":"https:\/\/www.vanvlietcontainers.nl\/fr\/wp-json\/wp\/v2\/types\/page"}],"author":[{"embeddable":true,"href":"https:\/\/www.vanvlietcontainers.nl\/fr\/wp-json\/wp\/v2\/users\/1"}],"replies":[{"embeddable":true,"href":"https:\/\/www.vanvlietcontainers.nl\/fr\/wp-json\/wp\/v2\/comments?post=3426"}],"version-history":[{"count":2,"href":"https:\/\/www.vanvlietcontainers.nl\/fr\/wp-json\/wp\/v2\/pages\/3426\/revisions"}],"predecessor-version":[{"id":3753,"href":"https:\/\/www.vanvlietcontainers.nl\/fr\/wp-json\/wp\/v2\/pages\/3426\/revisions\/3753"}],"wp:attachment":[{"href":"https:\/\/www.vanvlietcontainers.nl\/fr\/wp-json\/wp\/v2\/media?parent=3426"}],"curies":[{"name":"wp","href":"https:\/\/api.w.org\/{rel}","templated":true}]}}