{"id":2012,"date":"2018-06-15T06:43:06","date_gmt":"2018-06-15T06:43:06","guid":{"rendered":"http:\/\/vanvliet.vps12.sixtyseven.com\/?page_id=2012"},"modified":"2019-06-05T09:37:02","modified_gmt":"2019-06-05T07:37:02","slug":"datenschutzerklaerung","status":"publish","type":"page","link":"https:\/\/www.vanvlietcontainers.nl\/de\/datenschutzerklaerung\/","title":{"rendered":"Datenschutzerkl\u00e4rung"},"content":{"rendered":"[vc_row type=&#8220;full_width_background&#8220; full_screen_row_position=&#8220;middle&#8220; bg_image=&#8220;468&#8243; background_image_mobile_hidden=&#8220;true&#8220; bg_position=&#8220;center center&#8220; bg_repeat=&#8220;no-repeat&#8220; scene_position=&#8220;center&#8220; text_color=&#8220;light&#8220; text_align=&#8220;left&#8220; top_padding=&#8220;15%&#8220; bottom_padding=&#8220;5%&#8220; enable_gradient=&#8220;true&#8220; color_overlay=&#8220;#0c0e39&#8243; color_overlay_2=&#8220;rgba(12,14,57,0.01)&#8220; gradient_direction=&#8220;left_b_to_right_t&#8220; overlay_strength=&#8220;0.3&#8243; shape_divider_position=&#8220;bottom&#8220; shape_type=&#8220;&#8220;][vc_column column_padding=&#8220;no-extra-padding&#8220; column_padding_position=&#8220;all&#8220; background_color_opacity=&#8220;1&#8243; background_hover_color_opacity=&#8220;1&#8243; column_shadow=&#8220;none&#8220; column_border_radius=&#8220;none&#8220; width=&#8220;7\/12&#8243; tablet_text_alignment=&#8220;default&#8220; phone_text_alignment=&#8220;default&#8220; column_border_width=&#8220;none&#8220; column_border_style=&#8220;solid&#8220;][vc_column_text]\n<h1>Datenschutzerkl\u00e4rung<\/h1>\n[\/vc_column_text][\/vc_column][vc_column column_padding=&#8220;no-extra-padding&#8220; column_padding_position=&#8220;all&#8220; background_color_opacity=&#8220;1&#8243; background_hover_color_opacity=&#8220;1&#8243; column_shadow=&#8220;none&#8220; column_border_radius=&#8220;none&#8220; width=&#8220;5\/12&#8243; tablet_text_alignment=&#8220;default&#8220; phone_text_alignment=&#8220;default&#8220; column_border_width=&#8220;none&#8220; column_border_style=&#8220;solid&#8220;][\/vc_column][\/vc_row][vc_row type=&#8220;in_container&#8220; full_screen_row_position=&#8220;middle&#8220; scene_position=&#8220;center&#8220; text_color=&#8220;dark&#8220; text_align=&#8220;left&#8220; top_padding=&#8220;4%&#8220; bottom_padding=&#8220;4%&#8220; overlay_strength=&#8220;0.3&#8243; shape_divider_position=&#8220;bottom&#8220; shape_type=&#8220;&#8220;][vc_column column_padding=&#8220;no-extra-padding&#8220; column_padding_position=&#8220;all&#8220; background_color_opacity=&#8220;1&#8243; background_hover_color_opacity=&#8220;1&#8243; column_shadow=&#8220;none&#8220; column_border_radius=&#8220;none&#8220; width=&#8220;2\/3&#8243; tablet_text_alignment=&#8220;default&#8220; phone_text_alignment=&#8220;default&#8220; column_border_width=&#8220;none&#8220; column_border_style=&#8220;solid&#8220;][vc_column_text]Van Vliet mit Sitz in Rietwijkeroordweg 33,1432 JE, Aalsmeer, ist f\u00fcr die Verarbeitung personenbezogener Daten gem\u00e4\u00df dieser Datenschutzerkl\u00e4rung verantwortlich.<\/p>\n<p><strong>Pers\u00f6nliche Daten, die wir verarbeiten<br \/>\n<\/strong>Van Vliet verarbeitet Ihre personenbezogenen Daten, weil Sie unsere Dienste nutzen und \/ oder Sie diese selbst bereitstellen.<\/p>\n<p>Nachfolgend finden Sie einen \u00dcberblick \u00fcber die von uns verarbeiteten personenbezogenen Daten:<\/p>\n<p>&#8211; Dein Name<br \/>\n&#8211; Telefonnummer<br \/>\n&#8211; E-Mail-Adresse<br \/>\n&#8211; Gesch\u00e4ftsadresse<\/p>\n<p><strong>Zu welchem \u200b\u200bZweck und auf welcher Grundlage verarbeiten wir personenbezogene Daten?<br \/>\n<\/strong>Van Vliet verarbeitet Ihre personenbezogenen Daten f\u00fcr folgende Zwecke:<\/p>\n<p>&#8211; Sie k\u00f6nnen bei Bedarf anrufen oder e-mailen, um unsere Dienste auszuf\u00fchren<br \/>\n&#8211; Van Vliet analysiert anonymes Verhalten auf der Website, um die Website zu verbessern.<\/p>\n<p>Das legitime Interesse daran besteht darin, dass wir Sie im Rahmen Ihrer Kontakt- oder Informationsanfrage kontaktieren m\u00fcssen.<\/p>\n<p><strong>Wie lange speichern wir personenbezogene Daten?<br \/>\n<\/strong>Van Vliet speichert Ihre pers\u00f6nlichen Daten nicht l\u00e4nger als die gesammelten Daten.<\/p>\n<p><strong>Weitergabe personenbezogener Daten an Dritte<br \/>\n<\/strong>Wir k\u00f6nnen Ihnen die Daten zur Verf\u00fcgung stellen. Zugang gew\u00e4hren, wenn dies zur Durchf\u00fchrung der oben beschriebenen Zwecke erforderlich ist. Mit diesen Parteien (Verarbeitern) treffen wir nat\u00fcrlich die notwendigen Vorkehrungen, um die Sicherheit Ihrer pers\u00f6nlichen Daten zu gew\u00e4hrleisten. Dar\u00fcber hinaus sind wir nicht gesetzlich verpflichtet und erlaubt. Wir geben personenbezogene Daten auch an Dritte weiter, wenn Sie uns dies schriftlich gestatten.<\/p>\n<p><strong>Cookies oder \u00e4hnliche Techniken, die wir verwenden<br \/>\n<\/strong>Van Vliet verwendet funktionale und analytische Cookies. Ein Cookie ist eine kleine Textdatei, die beim Besuch dieser Website im Browser oder auf Ihrem Computer, Tablet oder Smartphone gespeichert wird. Van Vliet verwendet Cookies mit einer rein technischen Funktionalit\u00e4t. Diese sorgen daf\u00fcr, dass die Website korrekt funktioniert und beispielsweise Ihre bevorzugten Einstellungen gespeichert werden. Diese Cookies werden auch verwendet, um die Website gut zu machen und zu optimieren.<\/p>\n<p>Sie k\u00f6nnen den Browser deaktivieren, damit er keine Cookies mehr speichert. Au\u00dferdem k\u00f6nnen Sie alle \u00fcber die Einstellungen Ihres Browsers gespeicherten Informationen l\u00f6schen.<\/p>\n<p><strong>Daten anzeigen, \u00e4ndern oder l\u00f6schen<br \/>\n<\/strong>Sie haben das Recht, Ihre pers\u00f6nlichen Daten einzusehen, zu korrigieren oder zu l\u00f6schen. Dar\u00fcber hinaus haben Sie das Recht, Ihre Zustimmung zur Verarbeitung Ihrer Daten durch Van Vliet zu widerrufen, und Sie haben das Recht auf Daten\u00fcbertragbarkeit. Dies bedeutet, dass Sie die pers\u00f6nlichen Informationen, die wir in Ihrer Computerdatei haben, an Sie oder eine andere von Ihnen genannte Organisation \u00fcbermitteln k\u00f6nnen.<\/p>\n<p>Sie k\u00f6nnen einen Antrag auf Einsicht, Berichtigung, L\u00f6schung, Datentransfer Ihrer pers\u00f6nlichen Daten oder Antrag auf L\u00f6schung oder Ihre Zustimmung oder Einw\u00e4nde gegen die Verarbeitung Ihrer pers\u00f6nlichen Daten info@vanvlietcontainers.nl senden.<\/p>\n<p>Um sicherzustellen, dass die Anfrage f\u00fcr den Zugriff erfolgt ist, bitten wir Sie, eine Kopie Ihrer ID mit der Anfrage zu senden. Machen Sie in dieser Kopie Ihr Passfoto, MRZ (maschinenlesbare Zone, Passnummer und B\u00fcrgerservicenummer (BSN)) schwarz. Dies dient dem Schutz Ihrer Privatsph\u00e4re. Wir antworten so schnell wie m\u00f6glich, aber innerhalb von vier Wochen, auf Ihre Anfrage hin.<\/p>\n<p>Van Vliet m\u00f6chte au\u00dferdem darauf hinweisen, dass Sie die M\u00f6glichkeit haben, bei der nationalen Aufsichtsbeh\u00f6rde, der niederl\u00e4ndischen Datenschutzbeh\u00f6rde, eine Beschwerde einzureichen.<\/p>\n<p><strong>Wie sch\u00fctzen wir personenbezogene Daten?<br \/>\n<\/strong>Van Vliet nimmt den Schutz Ihrer Daten ernst und ergreift geeignete Ma\u00dfnahmen, um Missbrauch, Verlust, unbefugten Zugriff, unerw\u00fcnschte Offenlegung und nicht autorisierte \u00c4nderungen zu verhindern. Wenn Sie den Eindruck haben, dass Ihre Daten nicht ordnungsgem\u00e4\u00df gesichert sind oder Anzeichen f\u00fcr Missbrauch vorliegen, kontaktieren Sie uns bitte unter info@vanvlietcontainers.nl<\/p>\n<p><strong>Van Vliet kann wie folgt erreicht werden:<br \/>\n<\/strong>Post- und Besuchsadresse:<br \/>\nRietwijkeroordweg 24<br \/>\n1432 JE Aalsmeer<\/p>\n<p>Telefon: +31 297 23 17 23<\/p>\n<p>Mailadresse: info@vanvlietcontainers.nl[\/vc_column_text][\/vc_column][vc_column column_padding=&#8220;no-extra-padding&#8220; column_padding_position=&#8220;all&#8220; background_color_opacity=&#8220;1&#8243; background_hover_color_opacity=&#8220;1&#8243; column_shadow=&#8220;none&#8220; column_border_radius=&#8220;none&#8220; width=&#8220;1\/3&#8243; tablet_text_alignment=&#8220;default&#8220; phone_text_alignment=&#8220;default&#8220; column_border_width=&#8220;none&#8220; column_border_style=&#8220;solid&#8220;][\/vc_column][\/vc_row]\n","protected":false},"excerpt":{"rendered":"<p>[vc_row type=&#8220;full_width_background&#8220; full_screen_row_position=&#8220;middle&#8220; bg_image=&#8220;468&#8243; background_image_mobile_hidden=&#8220;true&#8220; bg_position=&#8220;center center&#8220; bg_repeat=&#8220;no-repeat&#8220; scene_position=&#8220;center&#8220; text_color=&#8220;light&#8220; text_align=&#8220;left&#8220; top_padding=&#8220;15%&#8220; bottom_padding=&#8220;5%&#8220; enable_gradient=&#8220;true&#8220; color_overlay=&#8220;#0c0e39&#8243; color_overlay_2=&#8220;rgba(12,14,57,0.01)&#8220; gradient_direction=&#8220;left_b_to_right_t&#8220; overlay_strength=&#8220;0.3&#8243; shape_divider_position=&#8220;bottom&#8220; shape_type=&#8220;&#8220;][vc_column column_padding=&#8220;no-extra-padding&#8220; column_padding_position=&#8220;all&#8220; background_color_opacity=&#8220;1&#8243; background_hover_color_opacity=&#8220;1&#8243; column_shadow=&#8220;none&#8220; column_border_radius=&#8220;none&#8220; width=&#8220;7\/12&#8243; tablet_text_alignment=&#8220;default&#8220; phone_text_alignment=&#8220;default&#8220; column_border_width=&#8220;none&#8220;&#8230;<\/p>\n","protected":false},"author":1,"featured_media":0,"parent":0,"menu_order":1,"comment_status":"closed","ping_status":"closed","template":"","meta":{"_acf_changed":false,"footnotes":""},"class_list":["post-2012","page","type-page","status-publish"],"acf":[],"_links":{"self":[{"href":"https:\/\/www.vanvlietcontainers.nl\/de\/wp-json\/wp\/v2\/pages\/2012","targetHints":{"allow":["GET"]}}],"collection":[{"href":"https:\/\/www.vanvlietcontainers.nl\/de\/wp-json\/wp\/v2\/pages"}],"about":[{"href":"https:\/\/www.vanvlietcontainers.nl\/de\/wp-json\/wp\/v2\/types\/page"}],"author":[{"embeddable":true,"href":"https:\/\/www.vanvlietcontainers.nl\/de\/wp-json\/wp\/v2\/users\/1"}],"replies":[{"embeddable":true,"href":"https:\/\/www.vanvlietcontainers.nl\/de\/wp-json\/wp\/v2\/comments?post=2012"}],"version-history":[{"count":5,"href":"https:\/\/www.vanvlietcontainers.nl\/de\/wp-json\/wp\/v2\/pages\/2012\/revisions"}],"predecessor-version":[{"id":3910,"href":"https:\/\/www.vanvlietcontainers.nl\/de\/wp-json\/wp\/v2\/pages\/2012\/revisions\/3910"}],"wp:attachment":[{"href":"https:\/\/www.vanvlietcontainers.nl\/de\/wp-json\/wp\/v2\/media?parent=2012"}],"curies":[{"name":"wp","href":"https:\/\/api.w.org\/{rel}","templated":true}]}}