{"id":1376,"date":"2018-05-18T07:29:09","date_gmt":"2018-05-18T07:29:09","guid":{"rendered":"http:\/\/vanvliet.vps12.sixtyseven.com\/ervaring\/"},"modified":"2018-06-14T21:40:28","modified_gmt":"2018-06-14T21:40:28","slug":"erfahrung","status":"publish","type":"page","link":"https:\/\/www.vanvlietcontainers.nl\/de\/erfahrung\/","title":{"rendered":"Erfahrung"},"content":{"rendered":"[vc_row type=&#8220;full_width_background&#8220; full_screen_row_position=&#8220;middle&#8220; bg_color=&#8220;#eef0f5&#8243; scene_position=&#8220;center&#8220; text_color=&#8220;dark&#8220; text_align=&#8220;left&#8220; overlay_strength=&#8220;0.3&#8243; shape_divider_position=&#8220;bottom&#8220; shape_type=&#8220;&#8220;][vc_column column_padding=&#8220;no-extra-padding&#8220; column_padding_position=&#8220;all&#8220; background_color_opacity=&#8220;1&#8243; background_hover_color_opacity=&#8220;1&#8243; column_shadow=&#8220;none&#8220; column_border_radius=&#8220;none&#8220; width=&#8220;1\/1&#8243; tablet_text_alignment=&#8220;default&#8220; phone_text_alignment=&#8220;default&#8220; column_border_width=&#8220;none&#8220; column_border_style=&#8220;solid&#8220;]<ul class='breadcrumbs'><li class='item '><a href='https:\/\/www.vanvlietcontainers.nl\/de\/'>Home<\/a><\/li><li class='item separator'>&gt;<\/li><li class='item '><span>Erfahrung<\/span><\/li><\/ul>[\/vc_column][\/vc_row][vc_row type=&#8220;full_width_background&#8220; full_screen_row_position=&#8220;middle&#8220; scene_position=&#8220;center&#8220; text_color=&#8220;dark&#8220; text_align=&#8220;left&#8220; top_padding=&#8220;30&#8243; bottom_padding=&#8220;30&#8243; enable_gradient=&#8220;true&#8220; color_overlay=&#8220;#eef0f5&#8243; color_overlay_2=&#8220;#ffffff&#8220; gradient_direction=&#8220;top_to_bottom&#8220; overlay_strength=&#8220;1&#8243; shape_divider_position=&#8220;bottom&#8220; shape_type=&#8220;&#8220;][vc_column column_padding=&#8220;no-extra-padding&#8220; column_padding_position=&#8220;all&#8220; background_color_opacity=&#8220;1&#8243; background_hover_color_opacity=&#8220;1&#8243; column_shadow=&#8220;none&#8220; column_border_radius=&#8220;none&#8220; width=&#8220;1\/1&#8243; tablet_text_alignment=&#8220;default&#8220; phone_text_alignment=&#8220;default&#8220; column_border_width=&#8220;none&#8220; column_border_style=&#8220;solid&#8220;]\n  <div class=\"case-wrap\">\n\n    <div class=\"case case-large\">\n      <div class=\"case-image\">\n        <img loading=\"lazy\" decoding=\"async\" width=\"1024\" height=\"410\" src=\"https:\/\/www.vanvlietcontainers.nl\/wp-content\/uploads\/2018\/05\/bg-hero-horti-1024x410.jpg\" class=\"attachment-large size-large wp-post-image\" alt=\"\" srcset=\"https:\/\/www.vanvlietcontainers.nl\/wp-content\/uploads\/2018\/05\/bg-hero-horti-1024x410.jpg 1024w, https:\/\/www.vanvlietcontainers.nl\/wp-content\/uploads\/2018\/05\/bg-hero-horti-300x120.jpg 300w, https:\/\/www.vanvlietcontainers.nl\/wp-content\/uploads\/2018\/05\/bg-hero-horti-768x307.jpg 768w, https:\/\/www.vanvlietcontainers.nl\/wp-content\/uploads\/2018\/05\/bg-hero-horti.jpg 1920w\" sizes=\"auto, (max-width: 1024px) 100vw, 1024px\" \/>      <\/div>\n      <div class=\"case-content\">\n        <h2>Lieferant von Blumen und Pflanzen f\u00fcr die internationale Einzelhandelskette<\/h2>\n        <p>[vc_row type=&#8220;full_width_background&#8220; full_screen_row_position=&#8220;middle&#8220; bg_color=&#8220;#eef0f5&#8243; scene_position=&#8220;center&#8220; text_color=&#8220;dark&#8220; text_align=&#8220;left&#8220; overlay_strength=&#8220;0.3&#8243; shape_divider_position=&#8220;bottom&#8220; shape_type=&#8220;&#8220;][vc_column column_padding=&#8220;no-extra-padding&#8220; column_padding_position=&#8220;all&#8220; background_color_opacity=&#8220;1&#8243; background_hover_color_opacity=&#8220;1&#8243; column_shadow=&#8220;none&#8220; column_border_radius=&#8220;none&#8220; width=&#8220;1\/1&#8243; tablet_text_alignment=&#8220;default&#8220; phone_text_alignment=&#8220;default&#8220; column_border_width=&#8220;none&#8220; column_border_style=&#8220;solid&#8220;][\/vc_column][\/vc_row][vc_row type=&#8220;full_width_background&#8220; full_screen_row_position=&#8220;middle&#8220; scene_position=&#8220;center&#8220; text_color=&#8220;dark&#8220; text_align=&#8220;center&#8220; top_padding=&#8220;45&#8243; bottom_padding=&#8220;45&#8243; enable_gradient=&#8220;true&#8220; color_overlay=&#8220;#eef0f5&#8243;...<\/p>\n\n        <a\n          href=\"https:\/\/www.vanvlietcontainers.nl\/de\/cases\/lieferant-von-blumen-und-pflanzen-fur-die-internationale-einzelhandelskette\/\"\n          class=\"nectar-button medium see-through-2\"\n          data-color-override=\"#ffde00\">\n          Fall ansehen        <\/a>\n      <\/div>\n    <\/div>\n\n  <\/div>\n\n[\/vc_column][\/vc_row][vc_row type=&#8220;in_container&#8220; full_screen_row_position=&#8220;middle&#8220; scene_position=&#8220;center&#8220; text_color=&#8220;dark&#8220; text_align=&#8220;left&#8220; overlay_strength=&#8220;0.3&#8243; shape_divider_position=&#8220;bottom&#8220;][vc_column column_padding=&#8220;no-extra-padding&#8220; column_padding_position=&#8220;all&#8220; background_color_opacity=&#8220;1&#8243; background_hover_color_opacity=&#8220;1&#8243; column_shadow=&#8220;none&#8220; column_border_radius=&#8220;none&#8220; width=&#8220;1\/1&#8243; tablet_text_alignment=&#8220;default&#8220; phone_text_alignment=&#8220;default&#8220; column_border_width=&#8220;none&#8220; column_border_style=&#8220;solid&#8220;]\n\n  <div class=\"cases\">\n\n          <div class=\"item case\">\n      <a class=\"case-image\" href=\"https:\/\/www.vanvlietcontainers.nl\/de\/cases\/full-service-konzept-fur-schnell-wachsende-exporteur-grobhandler-menu\/\">\n      <img loading=\"lazy\" decoding=\"async\" width=\"1024\" height=\"600\" src=\"https:\/\/www.vanvlietcontainers.nl\/wp-content\/uploads\/2018\/05\/bg-ingang-retail-2-1024x600.jpg\" class=\"attachment-case-thumb size-case-thumb wp-post-image\" alt=\"\" \/>    <\/a>\n  \n  <a href=\"https:\/\/www.vanvlietcontainers.nl\/de\/cases\/full-service-konzept-fur-schnell-wachsende-exporteur-grobhandler-menu\/\">\n    <h3 class=\"case-title\">Full-Service-Konzept f\u00fcr schnell wachsende Exporteur \/ Gro\u00dfh\u00e4ndler, Men\u00fc<\/h3>\n  <\/a>\n\n  <div class=\"item-content\">\n    <a\n      href=\"https:\/\/www.vanvlietcontainers.nl\/de\/cases\/full-service-konzept-fur-schnell-wachsende-exporteur-grobhandler-menu\/\"\n      class=\"nectar-button medium see-through-2\"\n      data-color-override=\"false\">\n      Fall ansehen    <\/a>\n  <\/div>\n<\/div>          <div class=\"item case\">\n      <a class=\"case-image\" href=\"https:\/\/www.vanvlietcontainers.nl\/de\/cases\/safe-stacks-von-jetzt-an-dank-unseres-klick-systems\/\">\n      <img loading=\"lazy\" decoding=\"async\" width=\"1024\" height=\"600\" src=\"https:\/\/www.vanvlietcontainers.nl\/wp-content\/uploads\/2018\/06\/Stapel-stuk-1024x600.jpg\" class=\"attachment-case-thumb size-case-thumb wp-post-image\" alt=\"\" \/>    <\/a>\n  \n  <a href=\"https:\/\/www.vanvlietcontainers.nl\/de\/cases\/safe-stacks-von-jetzt-an-dank-unseres-klick-systems\/\">\n    <h3 class=\"case-title\">Safe stacks von jetzt an. Dank unseres Klick-Systems.<\/h3>\n  <\/a>\n\n  <div class=\"item-content\">\n    <a\n      href=\"https:\/\/www.vanvlietcontainers.nl\/de\/cases\/safe-stacks-von-jetzt-an-dank-unseres-klick-systems\/\"\n      class=\"nectar-button medium see-through-2\"\n      data-color-override=\"false\">\n      Fall ansehen    <\/a>\n  <\/div>\n<\/div>          <div class=\"item case\">\n      <a class=\"case-image\" href=\"https:\/\/www.vanvlietcontainers.nl\/de\/cases\/effizienz-fur-zierzuchter-dank-abnehmbarer-trager\/\">\n      <img loading=\"lazy\" decoding=\"async\" width=\"1024\" height=\"600\" src=\"https:\/\/www.vanvlietcontainers.nl\/wp-content\/uploads\/2018\/05\/Maestro_container_7325-1-1024x600.jpg\" class=\"attachment-case-thumb size-case-thumb wp-post-image\" alt=\"\" \/>    <\/a>\n  \n  <a href=\"https:\/\/www.vanvlietcontainers.nl\/de\/cases\/effizienz-fur-zierzuchter-dank-abnehmbarer-trager\/\">\n    <h3 class=\"case-title\">Effizienz f\u00fcr Zierz\u00fcchter dank abnehmbarer Tr\u00e4ger<\/h3>\n  <\/a>\n\n  <div class=\"item-content\">\n    <a\n      href=\"https:\/\/www.vanvlietcontainers.nl\/de\/cases\/effizienz-fur-zierzuchter-dank-abnehmbarer-trager\/\"\n      class=\"nectar-button medium see-through-2\"\n      data-color-override=\"false\">\n      Fall ansehen    <\/a>\n  <\/div>\n<\/div>          <div class=\"item case\">\n      <a class=\"case-image\" href=\"https:\/\/www.vanvlietcontainers.nl\/de\/cases\/einheitliches-erscheinungsbild-und-hygiene-fur-den-discounter\/\">\n      <img loading=\"lazy\" decoding=\"async\" width=\"1024\" height=\"600\" src=\"https:\/\/www.vanvlietcontainers.nl\/wp-content\/uploads\/2018\/05\/van-vliet-trolley-stock-1024x600.jpg\" class=\"attachment-case-thumb size-case-thumb wp-post-image\" alt=\"\" \/>    <\/a>\n  \n  <a href=\"https:\/\/www.vanvlietcontainers.nl\/de\/cases\/einheitliches-erscheinungsbild-und-hygiene-fur-den-discounter\/\">\n    <h3 class=\"case-title\">Einheitliches Erscheinungsbild und Hygiene f\u00fcr den Discounter<\/h3>\n  <\/a>\n\n  <div class=\"item-content\">\n    <a\n      href=\"https:\/\/www.vanvlietcontainers.nl\/de\/cases\/einheitliches-erscheinungsbild-und-hygiene-fur-den-discounter\/\"\n      class=\"nectar-button medium see-through-2\"\n      data-color-override=\"false\">\n      Fall ansehen    <\/a>\n  <\/div>\n<\/div>          <div class=\"item case\">\n      <a class=\"case-image\" href=\"https:\/\/www.vanvlietcontainers.nl\/de\/cases\/erleichtern-sie-e-commerce-mit-innovativer-loesung\/\">\n      <img loading=\"lazy\" decoding=\"async\" width=\"1024\" height=\"600\" src=\"https:\/\/www.vanvlietcontainers.nl\/wp-content\/uploads\/2018\/05\/bg-hero-team-1024x600.jpg\" class=\"attachment-case-thumb size-case-thumb wp-post-image\" alt=\"\" \/>    <\/a>\n  \n  <a href=\"https:\/\/www.vanvlietcontainers.nl\/de\/cases\/erleichtern-sie-e-commerce-mit-innovativer-loesung\/\">\n    <h3 class=\"case-title\">Erleichtern Sie E-Commerce mit innovativer L\u00f6sung<\/h3>\n  <\/a>\n\n  <div class=\"item-content\">\n    <a\n      href=\"https:\/\/www.vanvlietcontainers.nl\/de\/cases\/erleichtern-sie-e-commerce-mit-innovativer-loesung\/\"\n      class=\"nectar-button medium see-through-2\"\n      data-color-override=\"false\">\n      Fall ansehen    <\/a>\n  <\/div>\n<\/div>          <div class=\"item case\">\n      <a class=\"case-image\" href=\"https:\/\/www.vanvlietcontainers.nl\/de\/cases\/dienstleistungen-fur-kleine-und-mittlere-lieferanten\/\">\n      <img loading=\"lazy\" decoding=\"async\" width=\"1024\" height=\"600\" src=\"https:\/\/www.vanvlietcontainers.nl\/wp-content\/uploads\/2018\/05\/van-vliet-warehouse-1024x600.jpg\" class=\"attachment-case-thumb size-case-thumb wp-post-image\" alt=\"\" \/>    <\/a>\n  \n  <a href=\"https:\/\/www.vanvlietcontainers.nl\/de\/cases\/dienstleistungen-fur-kleine-und-mittlere-lieferanten\/\">\n    <h3 class=\"case-title\">Dienstleistungen f\u00fcr kleine und mittlere Lieferanten<\/h3>\n  <\/a>\n\n  <div class=\"item-content\">\n    <a\n      href=\"https:\/\/www.vanvlietcontainers.nl\/de\/cases\/dienstleistungen-fur-kleine-und-mittlere-lieferanten\/\"\n      class=\"nectar-button medium see-through-2\"\n      data-color-override=\"false\">\n      Fall ansehen    <\/a>\n  <\/div>\n<\/div>          <div class=\"item case\">\n      <a class=\"case-image\" href=\"https:\/\/www.vanvlietcontainers.nl\/de\/cases\/lieferant-von-blumen-und-pflanzen-fur-die-internationale-einzelhandelskette\/\">\n      <img loading=\"lazy\" decoding=\"async\" width=\"1024\" height=\"600\" src=\"https:\/\/www.vanvlietcontainers.nl\/wp-content\/uploads\/2018\/05\/bg-hero-horti-1024x600.jpg\" class=\"attachment-case-thumb size-case-thumb wp-post-image\" alt=\"\" \/>    <\/a>\n  \n  <a href=\"https:\/\/www.vanvlietcontainers.nl\/de\/cases\/lieferant-von-blumen-und-pflanzen-fur-die-internationale-einzelhandelskette\/\">\n    <h3 class=\"case-title\">Lieferant von Blumen und Pflanzen f\u00fcr die internationale Einzelhandelskette<\/h3>\n  <\/a>\n\n  <div class=\"item-content\">\n    <a\n      href=\"https:\/\/www.vanvlietcontainers.nl\/de\/cases\/lieferant-von-blumen-und-pflanzen-fur-die-internationale-einzelhandelskette\/\"\n      class=\"nectar-button medium see-through-2\"\n      data-color-override=\"false\">\n      Fall ansehen    <\/a>\n  <\/div>\n<\/div>      \n  <\/div>\n\n[\/vc_column][\/vc_row]\n","protected":false},"excerpt":{"rendered":"<p>[vc_row type=&#8220;full_width_background&#8220; full_screen_row_position=&#8220;middle&#8220; bg_color=&#8220;#eef0f5&#8243; scene_position=&#8220;center&#8220; text_color=&#8220;dark&#8220; text_align=&#8220;left&#8220; overlay_strength=&#8220;0.3&#8243; shape_divider_position=&#8220;bottom&#8220; shape_type=&#8220;&#8220;][vc_column column_padding=&#8220;no-extra-padding&#8220; column_padding_position=&#8220;all&#8220; background_color_opacity=&#8220;1&#8243; background_hover_color_opacity=&#8220;1&#8243; column_shadow=&#8220;none&#8220; column_border_radius=&#8220;none&#8220; width=&#8220;1\/1&#8243; tablet_text_alignment=&#8220;default&#8220; phone_text_alignment=&#8220;default&#8220; column_border_width=&#8220;none&#8220; column_border_style=&#8220;solid&#8220;][\/vc_column][\/vc_row][vc_row type=&#8220;full_width_background&#8220; full_screen_row_position=&#8220;middle&#8220; scene_position=&#8220;center&#8220; text_color=&#8220;dark&#8220; text_align=&#8220;left&#8220; top_padding=&#8220;30&#8243; bottom_padding=&#8220;30&#8243; enable_gradient=&#8220;true&#8220; color_overlay=&#8220;#eef0f5&#8243;&#8230;<\/p>\n","protected":false},"author":1,"featured_media":0,"parent":0,"menu_order":40,"comment_status":"closed","ping_status":"closed","template":"","meta":{"_acf_changed":false,"footnotes":""},"class_list":["post-1376","page","type-page","status-publish"],"acf":[],"_links":{"self":[{"href":"https:\/\/www.vanvlietcontainers.nl\/de\/wp-json\/wp\/v2\/pages\/1376","targetHints":{"allow":["GET"]}}],"collection":[{"href":"https:\/\/www.vanvlietcontainers.nl\/de\/wp-json\/wp\/v2\/pages"}],"about":[{"href":"https:\/\/www.vanvlietcontainers.nl\/de\/wp-json\/wp\/v2\/types\/page"}],"author":[{"embeddable":true,"href":"https:\/\/www.vanvlietcontainers.nl\/de\/wp-json\/wp\/v2\/users\/1"}],"replies":[{"embeddable":true,"href":"https:\/\/www.vanvlietcontainers.nl\/de\/wp-json\/wp\/v2\/comments?post=1376"}],"version-history":[{"count":3,"href":"https:\/\/www.vanvlietcontainers.nl\/de\/wp-json\/wp\/v2\/pages\/1376\/revisions"}],"predecessor-version":[{"id":1996,"href":"https:\/\/www.vanvlietcontainers.nl\/de\/wp-json\/wp\/v2\/pages\/1376\/revisions\/1996"}],"wp:attachment":[{"href":"https:\/\/www.vanvlietcontainers.nl\/de\/wp-json\/wp\/v2\/media?parent=1376"}],"curies":[{"name":"wp","href":"https:\/\/api.w.org\/{rel}","templated":true}]}}